{"id":110,"date":"2018-04-25T15:31:29","date_gmt":"2018-04-25T13:31:29","guid":{"rendered":"http:\/\/test1.jazaconsulting.sk\/?page_id=110"},"modified":"2024-04-23T09:26:52","modified_gmt":"2024-04-23T07:26:52","slug":"belladati-p","status":"publish","type":"page","link":"https:\/\/www.jazaconsulting.sk\/?page_id=110","title":{"rendered":"BellaDati"},"content":{"rendered":"<p><img loading=\"lazy\" decoding=\"async\" class=\"size-medium wp-image-238 alignnone\" src=\"https:\/\/www.jazaconsulting.sk\/wp-content\/uploads\/2018\/04\/belladati-logo-300x99.png\" alt=\"\" width=\"300\" height=\"99\" srcset=\"https:\/\/www.jazaconsulting.sk\/wp-content\/uploads\/2018\/04\/belladati-logo-300x99.png 300w, https:\/\/www.jazaconsulting.sk\/wp-content\/uploads\/2018\/04\/belladati-logo-768x253.png 768w, https:\/\/www.jazaconsulting.sk\/wp-content\/uploads\/2018\/04\/belladati-logo.png 800w\" sizes=\"(max-width: 300px) 100vw, 300px\" \/><\/p>\n<p><strong>BellaDati\u00a0 je &#8230;<\/strong><\/p>\n<p style=\"padding-left: 30px;\"><span style=\"font-family: inherit; font-size: inherit;\"><span style=\"font-family: webdings;\">a<span style=\"font-family: arial, helvetica, sans-serif;\">\u00a0<\/span><\/span><\/span>kompletn\u00e1 BI platforma<br \/>\n<span style=\"font-family: webdings;\">a<span style=\"font-family: arial, helvetica, sans-serif;\">\u00a0<\/span><\/span>agilny\u0301\u00a0 analyticky\u0301 a reportovac\u00ed n\u00e1stroj<br \/>\n<span style=\"font-family: webdings;\">a<span style=\"font-family: arial, helvetica, sans-serif;\">\u00a0<\/span><\/span>framework pre v\u00fdvoj vlastn\u00e9ho analytick\u00e9ho softv\u00e9ru<br \/>\n<span style=\"font-family: webdings;\">a<span style=\"font-family: arial, helvetica, sans-serif;\">\u00a0<\/span><\/span>jednoduch\u00fd\u00a0 pr\u00edstup cez web prehliada\u010d alebo mobiln\u00e9 zariadenie<br \/>\n<span style=\"font-family: webdings;\">a<span style=\"font-family: arial, helvetica, sans-serif;\">\u00a0<\/span><\/span>nat\u00edvna mobiln\u00e1 aplik\u00e1cia<br \/>\n<span style=\"font-family: webdings;\">a<span style=\"font-family: arial, helvetica, sans-serif;\">\u00a0<\/span><\/span>pred pripraven\u00e1 odvetvovo orientovan\u00e1\u00a0 analytika a reporty<br \/>\n<span style=\"font-family: webdings;\">a<span style=\"font-family: arial, helvetica, sans-serif;\">\u00a0<\/span><\/span>licencovanie &#8211; On-Premise alebo Cloud<\/p>\n<p><strong>Vysok\u00e1\u00a0 agilita\u00a0 \u00a0 <\/strong><\/p>\n<ul style=\"list-style-type: circle;\">\n<li style=\"padding-left: 30px;\">Biznis u\u017e\u00edvate\u013e vytv\u00e1ra reporty v re\u00e1lnom \u010dase<\/li>\n<li style=\"padding-left: 30px;\">Kombinovanie viacer\u00fdch KPI bez programovania<\/li>\n<li style=\"padding-left: 30px;\">Vytvorenie vlastn\u00e9ho drill-down pr\u00edstupu k anal\u00fdze d\u00e1t<\/li>\n<li style=\"padding-left: 30px;\">Vlastn\u00e9 matematick\u00e9 formuly, vzorce a progn\u00f3zy (forecast)<\/li>\n<li style=\"padding-left: 30px;\">Jednoduch\u00e9 vytvorenie filtrov pre biznis u\u017e\u00edvate\u013eov<\/li>\n<li style=\"padding-left: 30px;\">Anal\u00fdza ne\u0161trukt\u00farovan\u00fdch d\u00e1t<\/li>\n<li style=\"padding-left: 30px;\">Vysok\u00e1 \u00farove\u0148 zdie\u013eania s t\u00edmom<\/li>\n<\/ul>\n<p><strong>Agilny\u0301 reporting<\/strong><\/p>\n<ul style=\"list-style-type: circle;\">\n<li style=\"padding-left: 30px;\">240+ mo\u017enost\u00ed\u00a0 vizualiz\u00e1cie\u00a0 d\u00e1t\u00a0 cez\u00a0 KPI,\u00a0 tabu\u013eky\u00a0 a\u00a0 grafy<\/li>\n<li style=\"padding-left: 30px;\">Geografick\u00e9 analy\u0301zy<\/li>\n<li style=\"padding-left: 30px;\">Flexibiln\u00e9 rozlo\u017eenie\u00a0 poh\u013eadov\u00a0 v\u00a0 reportoch<\/li>\n<li style=\"padding-left: 30px;\">Preddefinovan\u00e9 a\u00a0 vlastn\u00e9\u00a0 form\u00e1ty\u00a0 reportov<\/li>\n<li style=\"padding-left: 30px;\">Personalizovan\u00e9 reporty, dashboardy \u00a0a \u00a0notifik\u00e1cie<\/li>\n<li style=\"padding-left: 30px;\">Adapt\u00edvny design aplik\u00e1cie\u00a0 vlastny\u0301mi CSS\u00a0 a\u00a0 HTML\u00a0 skriptami<\/li>\n<li style=\"padding-left: 30px;\">Multimedi\u00e1lna gal\u00e9ria pre tvorbu infograf\u00edk<\/li>\n<\/ul>\n<p><strong>Preh\u013eadn\u00e1 a r\u00fdchla\u00a0 analytika<\/strong><\/p>\n<ul style=\"list-style-type: circle;\">\n<li style=\"padding-left: 30px;\">Analy\u0301za a\u00a0 preh\u013ead\u00e1vanie\u00a0 d\u00e1t (drill-down)\u00a0 jediny\u0301m kliknut\u00edm<\/li>\n<li style=\"padding-left: 30px;\">Vlastn\u00e9 vzorce, funkcie\u00a0 a\u00a0 kalkul\u00e1cie<\/li>\n<li style=\"padding-left: 30px;\">Jazyk pre tvorbu matematick\u00fdch modelov<\/li>\n<li style=\"padding-left: 30px;\">Filtrovanie a\u00a0 previazanos\u0165 reportov<\/li>\n<li style=\"padding-left: 30px;\">What-if analy\u0301zy\u00a0 a\u00a0 modelovanie scen\u00e1rov<\/li>\n<\/ul>\n<p><strong>Konektivita<\/strong><\/p>\n<ul style=\"list-style-type: circle;\">\n<li style=\"padding-left: 30px;\">100+ konektorov\u00a0 pre\u00a0 datab\u00e1zy,\u00a0 cloudove rie\u0161enia,\u00a0 API\u00a0 a soci\u00e1lne siete<\/li>\n<li style=\"padding-left: 30px;\">Preddefinovan\u00e9 konektory\u00a0 na\u00a0 soci\u00e1lne\u00a0 siete<\/li>\n<li style=\"padding-left: 30px;\">Neobmedzen\u00e1 konektivita\u00a0 s\u00a0 API\u00a0 konzolou<\/li>\n<li style=\"padding-left: 30px;\">Podpora ne\u0161trukt\u00farovany\u0301ch d\u00e1t a d\u00e1t ve\u013ek\u00e9ho objemu cez MongoDB, Hadoop a HANA<\/li>\n<li style=\"padding-left: 30px;\">Vizu\u00e1lne (non-programming) ETL, d\u00e1tov\u00e9 transform\u00e1cie\u00a0 a\u00a0 \u010distenie d\u00e1t<\/li>\n<li style=\"padding-left: 30px;\">Automatick\u00e9 pl\u00e1novanie importu<\/li>\n<\/ul>\n<p><strong>Mana\u017ement d\u00e1t <\/strong><\/p>\n<ul style=\"list-style-type: circle;\">\n<li style=\"padding-left: 30px;\">Vlastn\u00fd d\u00e1tovy\u0301\u00a0 sklad\u00a0 a\u00a0 \u00falo\u017eisko d\u00e1t<\/li>\n<li style=\"padding-left: 30px;\">Vizu\u00e1lne (non-programming) d\u00e1tov\u00e9\u00a0 modelovanie<\/li>\n<li style=\"padding-left: 30px;\">Automatick\u00e1 d\u00e1tov\u00e1\u00a0 konsolid\u00e1cia\u00a0 a\u00a0 mapovanie<\/li>\n<li style=\"padding-left: 30px;\">Pr\u00edstup k\u00a0 d\u00e1tam\u00a0 na\u00a0 z\u00e1klade\u00a0 u\u017e\u00edvate\u013esk\u00fdch\u00a0 pr\u00e1v<\/li>\n<li style=\"padding-left: 30px;\">Pr\u00edstupov\u00e9 opr\u00e1vnenie\u00a0 na\u00a0 \u00farovni\u00a0 riadkov\u00a0 a\u00a0 st\u013apcov<\/li>\n<li style=\"padding-left: 30px;\">Formul\u00e1re pre zber d\u00e1t<\/li>\n<\/ul>\n<p><strong>Vysok\u00e1\u00a0 operabilita \u00a0 <\/strong><\/p>\n<ul style=\"list-style-type: circle;\">\n<li style=\"padding-left: 30px;\">rozdelenie spracovania d\u00e1t na viacero serverov<\/li>\n<li style=\"padding-left: 30px;\">horizont\u00e1lna serverov\u00e1 \u0161k\u00e1lovate\u013enos\u0165<\/li>\n<li style=\"padding-left: 30px;\">podpora HA (High Availability) prev\u00e1dzky<\/li>\n<li style=\"padding-left: 30px;\">Single-Sign-On<\/li>\n<\/ul>\n<p><strong>V\u00fdvojov\u00e1 platforma pre v\u00fdvoj vlastnej aplik\u00e1cie<\/strong><\/p>\n<ul style=\"list-style-type: circle;\">\n<li style=\"padding-left: 30px;\">Jednoduch\u00e9 vytv\u00e1ranie\u00a0 webov\u00fdch\u00a0 a\u00a0 mobiln\u00fdch\u00a0 aplik\u00e1cii\u00a0 s\u00a0 BellaDati \u00a0API \u00a0a \u00a0SDK<\/li>\n<li style=\"padding-left: 30px;\">V\u00fdvoj analytick\u00fdch\u00a0 aplik\u00e1ci\u00ed\u00a0 ako\u00a0 hosting\u00a0 v \u00a0BellaDati<\/li>\n<li style=\"padding-left: 30px;\">Kompletny\u0301 skriptovac\u00ed jazyk\u00a0 pre\u00a0 transform\u00e1ciu\u00a0 a\u00a0 \u010distenie\u00a0 d\u00e1t<\/li>\n<li style=\"padding-left: 30px;\">Adaptabiln\u00fd dizajn\u00a0 cez\u00a0 vlastn\u00e9\u00a0\u00a0 CSS\u00a0 a\u00a0 HTML<\/li>\n<li style=\"padding-left: 30px;\">Vlastn\u00e1 gal\u00e9ria\u00a0 multim\u00e9di\u00ed\u00a0 a\u00a0 aplik\u00e1ci\u00ed<\/li>\n<li style=\"padding-left: 30px;\">Vy\u0301voj vlastny\u0301ch konektorov cez API konzolu<\/li>\n<li style=\"padding-left: 30px;\">Vlastn\u00fd d\u00e1tovy\u0301 sklad s vizu\u00e1lnymi ETL<\/li>\n<li style=\"padding-left: 30px;\">SQL a Non-SQL d\u00e1tov\u00e9\u00a0 \u00falo\u017eisko\u00a0 cez\u00a0 PostgreSQL\u00a0 alebo\u00a0 Hadoop<\/li>\n<li style=\"padding-left: 30px;\">Na b\u00e1ze\u00a0 Java\u00a0 technol\u00f3gi\u00ed\u00a0 a\u00a0 300+\u00a0\u00a0 frameworks<\/li>\n<li style=\"padding-left: 30px;\">Serverov\u00e1 \u0161k\u00e1lovate\u013enos\u0165<\/li>\n<li style=\"padding-left: 30px;\">Big Data \u00a0analy\u0301zy\u00a0 vo webovom prehliada\u010di<strong style=\"font-size: 1rem;\">\u00a0<\/strong><\/li>\n<\/ul>\n<p><strong>BellaDati Mobile &#8211; nat\u00edvna\u00a0 mobiln\u00e1\u00a0 aplik\u00e1<\/strong><strong>ci<\/strong><strong>a <\/strong><strong>\u00a0pre iOS a Android<\/strong><\/p>\n<ul style=\"list-style-type: circle;\">\n<li style=\"padding-left: 30px;\">\u00a0<span style=\"font-size: 1rem;\">Optimalizovan\u00e1 a plne funk\u010dn\u00e1\u00a0 aplik\u00e1cia\u00a0 na\u00a0 mobilny\u0301ch\u00a0 zariadeniach<\/span><\/li>\n<li style=\"padding-left: 30px;\">Jednoduch\u00fd pr\u00edstup a spravovanie dashboardov a reportov na mobiln\u00fdch zariadeniach<\/li>\n<li style=\"padding-left: 30px;\">Reporty a dashboardy s\u00fa plne interakt\u00edvne, rovnako ako v internetovom rozhran\u00ed<\/li>\n<li style=\"padding-left: 30px;\">Jednoduch\u00fd download\u00a0 cez\u00a0 Apple\u00a0 a\u00a0 Google\u00a0 marketplace<\/li>\n<li style=\"padding-left: 30px;\">On-line prehliadanie\u00a0 reportov\u00a0 a\u00a0 dashboardov<\/li>\n<li style=\"padding-left: 30px;\">Stiahnutie d\u00e1t a prehliadanie v off-line\u00a0 re\u017eime<\/li>\n<li style=\"padding-left: 30px;\">Filtr\u00e1cia reportov\u00a0 a zmena ve\u013ekosti\u00a0 a\u00a0 rozsahu\u00a0 reportu<\/li>\n<li style=\"padding-left: 30px;\">Prid\u00e1vanie koment\u00e1rov<\/li>\n<li style=\"padding-left: 30px;\">Automatick\u00e1 gener\u00e1cia\u00a0 formul\u00e1rov\u00a0 alebo\u00a0 vyu\u017eitie vizu\u00e1lneho mapovania d\u00e1t<\/li>\n<li style=\"padding-left: 30px;\">Automatick\u00e9 rozpoznanie u\u017e\u00edvate\u013ea a lokality<\/li>\n<li style=\"padding-left: 30px;\">Vkladanie obr\u00e1zkov, multim\u00e9di\u00ed a fotografi\u00ed<\/li>\n<li style=\"padding-left: 30px;\">Prepojenie s\u00a0 v\u00fdkonn\u00fdm \u00a0BellaDati \u00a0serverom<\/li>\n<li style=\"padding-left: 30px;\">Vhodn\u00e9 pre\u00a0 BellaDati\u00a0 Cloud\u00a0 aj\u00a0 On-Premise<\/li>\n<li style=\"padding-left: 30px;\">Ochrana d\u00e1t\u00a0 heslom\u00a0 a\u00a0 SSL\u00a0 \u0161ifrovan\u00edm<\/li>\n<li style=\"padding-left: 30px;\">Dostupn\u00e9 REST\u00a0 API\u00a0 a\u00a0 SDK<\/li>\n<\/ul>\n<p><strong>BellaDati Machine Learning Studio<\/strong><\/p>\n<p>&nbsp;<\/p>\n<hr \/>\n<p style=\"padding-left: 30px;\">\n","protected":false},"excerpt":{"rendered":"<p>BellaDati\u00a0 je &#8230; a\u00a0kompletn\u00e1 BI platforma a\u00a0agilny\u0301\u00a0 analyticky\u0301 a reportovac\u00ed n\u00e1stroj a\u00a0framework pre v\u00fdvoj vlastn\u00e9ho analytick\u00e9ho softv\u00e9ru a\u00a0jednoduch\u00fd\u00a0 pr\u00edstup cez web prehliada\u010d alebo mobiln\u00e9 zariadenie a\u00a0nat\u00edvna mobiln\u00e1 aplik\u00e1cia a\u00a0pred pripraven\u00e1 odvetvovo orientovan\u00e1\u00a0 analytika a reporty a\u00a0licencovanie &#8211; On-Premise alebo Cloud Vysok\u00e1\u00a0 agilita\u00a0 \u00a0 Biznis u\u017e\u00edvate\u013e vytv\u00e1ra reporty v re\u00e1lnom \u010dase Kombinovanie viacer\u00fdch KPI bez programovania &hellip; <\/p>\n<p class=\"link-more\"><a href=\"https:\/\/www.jazaconsulting.sk\/?page_id=110\" class=\"more-link\">Pokra\u010dova\u0165 v \u010d\u00edtan\u00ed<span class=\"screen-reader-text\"> &#8222;BellaDati&#8220;<\/span><\/a><\/p>\n","protected":false},"author":1,"featured_media":0,"parent":90,"menu_order":3,"comment_status":"closed","ping_status":"closed","template":"","meta":{"footnotes":""},"_links":{"self":[{"href":"https:\/\/www.jazaconsulting.sk\/index.php?rest_route=\/wp\/v2\/pages\/110"}],"collection":[{"href":"https:\/\/www.jazaconsulting.sk\/index.php?rest_route=\/wp\/v2\/pages"}],"about":[{"href":"https:\/\/www.jazaconsulting.sk\/index.php?rest_route=\/wp\/v2\/types\/page"}],"author":[{"embeddable":true,"href":"https:\/\/www.jazaconsulting.sk\/index.php?rest_route=\/wp\/v2\/users\/1"}],"replies":[{"embeddable":true,"href":"https:\/\/www.jazaconsulting.sk\/index.php?rest_route=%2Fwp%2Fv2%2Fcomments&post=110"}],"version-history":[{"count":9,"href":"https:\/\/www.jazaconsulting.sk\/index.php?rest_route=\/wp\/v2\/pages\/110\/revisions"}],"predecessor-version":[{"id":708,"href":"https:\/\/www.jazaconsulting.sk\/index.php?rest_route=\/wp\/v2\/pages\/110\/revisions\/708"}],"up":[{"embeddable":true,"href":"https:\/\/www.jazaconsulting.sk\/index.php?rest_route=\/wp\/v2\/pages\/90"}],"wp:attachment":[{"href":"https:\/\/www.jazaconsulting.sk\/index.php?rest_route=%2Fwp%2Fv2%2Fmedia&parent=110"}],"curies":[{"name":"wp","href":"https:\/\/api.w.org\/{rel}","templated":true}]}}