{"id":116,"date":"2018-04-25T15:32:29","date_gmt":"2018-04-25T13:32:29","guid":{"rendered":"http:\/\/test1.jazaconsulting.sk\/?page_id=116"},"modified":"2018-04-29T16:15:49","modified_gmt":"2018-04-29T14:15:49","slug":"bpm-poradenstvo-s","status":"publish","type":"page","link":"https:\/\/www.jazaconsulting.sk\/?page_id=116","title":{"rendered":"BPM poradenstvo"},"content":{"rendered":"<p>V oblasti <strong>BPM (Business Process Management)<\/strong> pon\u00fakame realiz\u00e1ciu t\u00fdchto projektov :<\/p>\n<ul style=\"list-style-type: circle;\">\n<li style=\"padding-left: 30px;\">organiza\u010dn\u00fd, procesn\u00fd, funk\u010dn\u00fd a informa\u010dn\u00fd audit organiz\u00e1ci\u00ed<\/li>\n<li style=\"padding-left: 30px;\">audit stavu automatiz\u00e1cie procesov<\/li>\n<li style=\"padding-left: 30px;\">implement\u00e1cia procesn\u00e9ho riadenia<\/li>\n<li style=\"padding-left: 30px;\">optimaliz\u00e1cia procesov a organiza\u010dnej \u0161trukt\u00fary<\/li>\n<li style=\"padding-left: 30px;\">\u0161tandardiz\u00e1cia procesov<\/li>\n<li style=\"padding-left: 30px;\">n\u00e1kladov\u00e1 anal\u00fdza a optimaliz\u00e1cia n\u00e1kladov<\/li>\n<li style=\"padding-left: 30px;\">prepojenie strat\u00e9gie a procesov metodikou BSC a implement\u00e1cia KPI<\/li>\n<li style=\"padding-left: 30px;\">optimaliz\u00e1cia procesov v s\u00favislosti s implement\u00e1ciou nov\u00e9ho informa\u010dn\u00e9ho syst\u00e9mu<\/li>\n<li style=\"padding-left: 30px;\">procesn\u00e1 podpora implement\u00e1cie informa\u010dn\u00fdch syst\u00e9mov<\/li>\n<li style=\"padding-left: 30px;\">implement\u00e1cia metodiky syst\u00e9mu riadenia riz\u00edk<\/li>\n<li style=\"padding-left: 30px;\">meranie v\u00fdkonnosti procesov<\/li>\n<li style=\"padding-left: 30px;\">Enterprise Architecture Management<\/li>\n<\/ul>\n","protected":false},"excerpt":{"rendered":"<p>V oblasti BPM (Business Process Management) pon\u00fakame realiz\u00e1ciu t\u00fdchto projektov : organiza\u010dn\u00fd, procesn\u00fd, funk\u010dn\u00fd a informa\u010dn\u00fd audit organiz\u00e1ci\u00ed audit stavu automatiz\u00e1cie procesov implement\u00e1cia procesn\u00e9ho riadenia optimaliz\u00e1cia procesov a organiza\u010dnej \u0161trukt\u00fary \u0161tandardiz\u00e1cia procesov n\u00e1kladov\u00e1 anal\u00fdza a optimaliz\u00e1cia n\u00e1kladov prepojenie strat\u00e9gie a procesov metodikou BSC a implement\u00e1cia KPI optimaliz\u00e1cia procesov v s\u00favislosti s implement\u00e1ciou nov\u00e9ho informa\u010dn\u00e9ho syst\u00e9mu &hellip; <\/p>\n<p class=\"link-more\"><a href=\"https:\/\/www.jazaconsulting.sk\/?page_id=116\" class=\"more-link\">Pokra\u010dova\u0165 v \u010d\u00edtan\u00ed<span class=\"screen-reader-text\"> &#8222;BPM poradenstvo&#8220;<\/span><\/a><\/p>\n","protected":false},"author":1,"featured_media":0,"parent":114,"menu_order":2,"comment_status":"closed","ping_status":"closed","template":"","meta":{"footnotes":""},"_links":{"self":[{"href":"https:\/\/www.jazaconsulting.sk\/index.php?rest_route=\/wp\/v2\/pages\/116"}],"collection":[{"href":"https:\/\/www.jazaconsulting.sk\/index.php?rest_route=\/wp\/v2\/pages"}],"about":[{"href":"https:\/\/www.jazaconsulting.sk\/index.php?rest_route=\/wp\/v2\/types\/page"}],"author":[{"embeddable":true,"href":"https:\/\/www.jazaconsulting.sk\/index.php?rest_route=\/wp\/v2\/users\/1"}],"replies":[{"embeddable":true,"href":"https:\/\/www.jazaconsulting.sk\/index.php?rest_route=%2Fwp%2Fv2%2Fcomments&post=116"}],"version-history":[{"count":2,"href":"https:\/\/www.jazaconsulting.sk\/index.php?rest_route=\/wp\/v2\/pages\/116\/revisions"}],"predecessor-version":[{"id":327,"href":"https:\/\/www.jazaconsulting.sk\/index.php?rest_route=\/wp\/v2\/pages\/116\/revisions\/327"}],"up":[{"embeddable":true,"href":"https:\/\/www.jazaconsulting.sk\/index.php?rest_route=\/wp\/v2\/pages\/114"}],"wp:attachment":[{"href":"https:\/\/www.jazaconsulting.sk\/index.php?rest_route=%2Fwp%2Fv2%2Fmedia&parent=116"}],"curies":[{"name":"wp","href":"https:\/\/api.w.org\/{rel}","templated":true}]}}