{"id":119,"date":"2018-04-25T15:33:00","date_gmt":"2018-04-25T13:33:00","guid":{"rendered":"http:\/\/test1.jazaconsulting.sk\/?page_id=119"},"modified":"2018-04-29T16:17:48","modified_gmt":"2018-04-29T14:17:48","slug":"sap-riesenia-s","status":"publish","type":"page","link":"https:\/\/www.jazaconsulting.sk\/?page_id=119","title":{"rendered":"SAP rie\u0161enia"},"content":{"rendered":"<p>V oblasti <strong>SAP rie\u0161en\u00ed<\/strong> sme \u0161pecialisti pre :<\/p>\n<ul style=\"list-style-type: circle;\">\n<li style=\"padding-left: 30px;\">optimaliz\u00e1cia a \u0161tandardiz\u00e1cia procesov v s\u00favislosti s implement\u00e1ciou SAP rie\u0161enia<\/li>\n<li style=\"padding-left: 30px;\">procesn\u00e1 podpora implement\u00e1cie SAP<\/li>\n<li style=\"padding-left: 30px;\">procesn\u00e1 podpora spracovanie cie\u013eov\u00e9ho konceptu (BBP) implement\u00e1cie SAP<\/li>\n<li style=\"padding-left: 30px;\">SAP Solution Manager<\/li>\n<li style=\"padding-left: 30px;\">procesne orientovan\u00e1 redokument\u00e1cia SAP rie\u0161en\u00ed<\/li>\n<li style=\"padding-left: 30px;\">koncepcia \u0161tandardiz\u00e1cie riadenia dokument\u00e1cie SAP rie\u0161en\u00ed<\/li>\n<\/ul>\n","protected":false},"excerpt":{"rendered":"<p>V oblasti SAP rie\u0161en\u00ed sme \u0161pecialisti pre : optimaliz\u00e1cia a \u0161tandardiz\u00e1cia procesov v s\u00favislosti s implement\u00e1ciou SAP rie\u0161enia procesn\u00e1 podpora implement\u00e1cie SAP procesn\u00e1 podpora spracovanie cie\u013eov\u00e9ho konceptu (BBP) implement\u00e1cie SAP SAP Solution Manager procesne orientovan\u00e1 redokument\u00e1cia SAP rie\u0161en\u00ed koncepcia \u0161tandardiz\u00e1cie riadenia dokument\u00e1cie SAP rie\u0161en\u00ed<\/p>\n","protected":false},"author":1,"featured_media":0,"parent":114,"menu_order":3,"comment_status":"closed","ping_status":"closed","template":"","meta":{"footnotes":""},"_links":{"self":[{"href":"https:\/\/www.jazaconsulting.sk\/index.php?rest_route=\/wp\/v2\/pages\/119"}],"collection":[{"href":"https:\/\/www.jazaconsulting.sk\/index.php?rest_route=\/wp\/v2\/pages"}],"about":[{"href":"https:\/\/www.jazaconsulting.sk\/index.php?rest_route=\/wp\/v2\/types\/page"}],"author":[{"embeddable":true,"href":"https:\/\/www.jazaconsulting.sk\/index.php?rest_route=\/wp\/v2\/users\/1"}],"replies":[{"embeddable":true,"href":"https:\/\/www.jazaconsulting.sk\/index.php?rest_route=%2Fwp%2Fv2%2Fcomments&post=119"}],"version-history":[{"count":1,"href":"https:\/\/www.jazaconsulting.sk\/index.php?rest_route=\/wp\/v2\/pages\/119\/revisions"}],"predecessor-version":[{"id":329,"href":"https:\/\/www.jazaconsulting.sk\/index.php?rest_route=\/wp\/v2\/pages\/119\/revisions\/329"}],"up":[{"embeddable":true,"href":"https:\/\/www.jazaconsulting.sk\/index.php?rest_route=\/wp\/v2\/pages\/114"}],"wp:attachment":[{"href":"https:\/\/www.jazaconsulting.sk\/index.php?rest_route=%2Fwp%2Fv2%2Fmedia&parent=119"}],"curies":[{"name":"wp","href":"https:\/\/api.w.org\/{rel}","templated":true}]}}