{"id":124,"date":"2018-04-25T15:37:48","date_gmt":"2018-04-25T13:37:48","guid":{"rendered":"http:\/\/test1.jazaconsulting.sk\/?page_id=124"},"modified":"2018-04-29T16:43:09","modified_gmt":"2018-04-29T14:43:09","slug":"business-intelligence-s","status":"publish","type":"page","link":"https:\/\/www.jazaconsulting.sk\/?page_id=124","title":{"rendered":"Business Intelligence"},"content":{"rendered":"<p><strong>In\u0161tal\u00e1cia a implement\u00e1cia Business Intelligence platformy BellaDati v rozsahu: <\/strong><\/p>\n<ol>\n<li>Anal\u00fdza po\u017eiadaviek z\u00e1kazn\u00edka na reporting<\/li>\n<li><span style=\"font-size: 1rem;\">In\u0161tal\u00e1cia BellaDati servera<\/span><\/li>\n<li>Nastavenie z\u00e1kladn\u00fdch parametrov po in\u0161tal\u00e1cii BellaDati<\/li>\n<li>Pr\u00edprava d\u00e1t \u2013 zdrojov\u00e9 syst\u00e9my &#8211; vytvorenie BEx queries, ktor\u00e9 bud\u00fa sl\u00fa\u017ei\u0165 ako d\u00e1tov\u00e9 zdroje pre BellaDati reporty a dashboardy<\/li>\n<li>Pr\u00edprava d\u00e1t cie\u013eov\u00fd syst\u00e9m \u2013 BellaDati:<br \/>\na.\u00a0 Zalo\u017eenie potrebn\u00fdch skup\u00edn d\u00e1t a ich pripojenie d\u00e1tov\u00e9mu zdroju pomocou XML pr\u00edkazu<br \/>\nb.\u00a0 Prepojenie jednotliv\u00fdch skup\u00edn d\u00e1t<br \/>\nc.\u00a0 \u00daprava d\u00e1tov\u00fdch typov pre jednotliv\u00e9 charakteristiky a ukazovatele v BellaDati<br \/>\nd.\u00a0 Vytvorenie potrebn\u00fdch transform\u00e1cii a nov\u00fdch vypo\u010d\u00edtan\u00fdch ukazovate\u013eov<\/li>\n<li>Nahratie d\u00e1t pre zalo\u017een\u00e9 skupiny d\u00e1t a vytvorenie pl\u00e1nu pre ich pravideln\u00fa aktualiz\u00e1ciu<\/span><\/li>\n<li>Vykonanie nastaven\u00ed potrebn\u00fdch pre pr\u00edstup k\u00a0reportom\/dashboardom cez BellaDati Mobile<\/li>\n<li>Vytvorenie u\u017e\u00edvate\u013eov a skup\u00edn u\u017e\u00edvate\u013eov<\/li>\n<li>Vytvorenie z\u00e1kazn\u00edkom po\u017eadovan\u00fdch reportov a dashboardov<\/li>\n<li>\u0160kolenie u\u017e\u00edvate\u013eov a administr\u00e1torov<\/li>\n<li>Testovanie<\/li>\n<li>Dokument\u00e1cia nastaven\u00ed<\/li>\n<li>Produkt\u00edvny \u0161tart<\/li>\n<\/ol>\n","protected":false},"excerpt":{"rendered":"<p>In\u0161tal\u00e1cia a implement\u00e1cia Business Intelligence platformy BellaDati v rozsahu: Anal\u00fdza po\u017eiadaviek z\u00e1kazn\u00edka na reporting In\u0161tal\u00e1cia BellaDati servera Nastavenie z\u00e1kladn\u00fdch parametrov po in\u0161tal\u00e1cii BellaDati Pr\u00edprava d\u00e1t \u2013 zdrojov\u00e9 syst\u00e9my &#8211; vytvorenie BEx queries, ktor\u00e9 bud\u00fa sl\u00fa\u017ei\u0165 ako d\u00e1tov\u00e9 zdroje pre BellaDati reporty a dashboardy Pr\u00edprava d\u00e1t cie\u013eov\u00fd syst\u00e9m \u2013 BellaDati: a.\u00a0 Zalo\u017eenie potrebn\u00fdch skup\u00edn d\u00e1t a &hellip; <\/p>\n<p class=\"link-more\"><a href=\"https:\/\/www.jazaconsulting.sk\/?page_id=124\" class=\"more-link\">Pokra\u010dova\u0165 v \u010d\u00edtan\u00ed<span class=\"screen-reader-text\"> &#8222;Business Intelligence&#8220;<\/span><\/a><\/p>\n","protected":false},"author":1,"featured_media":0,"parent":114,"menu_order":5,"comment_status":"closed","ping_status":"closed","template":"","meta":{"footnotes":""},"_links":{"self":[{"href":"https:\/\/www.jazaconsulting.sk\/index.php?rest_route=\/wp\/v2\/pages\/124"}],"collection":[{"href":"https:\/\/www.jazaconsulting.sk\/index.php?rest_route=\/wp\/v2\/pages"}],"about":[{"href":"https:\/\/www.jazaconsulting.sk\/index.php?rest_route=\/wp\/v2\/types\/page"}],"author":[{"embeddable":true,"href":"https:\/\/www.jazaconsulting.sk\/index.php?rest_route=\/wp\/v2\/users\/1"}],"replies":[{"embeddable":true,"href":"https:\/\/www.jazaconsulting.sk\/index.php?rest_route=%2Fwp%2Fv2%2Fcomments&post=124"}],"version-history":[{"count":7,"href":"https:\/\/www.jazaconsulting.sk\/index.php?rest_route=\/wp\/v2\/pages\/124\/revisions"}],"predecessor-version":[{"id":341,"href":"https:\/\/www.jazaconsulting.sk\/index.php?rest_route=\/wp\/v2\/pages\/124\/revisions\/341"}],"up":[{"embeddable":true,"href":"https:\/\/www.jazaconsulting.sk\/index.php?rest_route=\/wp\/v2\/pages\/114"}],"wp:attachment":[{"href":"https:\/\/www.jazaconsulting.sk\/index.php?rest_route=%2Fwp%2Fv2%2Fmedia&parent=124"}],"curies":[{"name":"wp","href":"https:\/\/api.w.org\/{rel}","templated":true}]}}