{"id":128,"date":"2018-04-25T15:39:17","date_gmt":"2018-04-25T13:39:17","guid":{"rendered":"http:\/\/test1.jazaconsulting.sk\/?page_id=128"},"modified":"2024-04-23T09:33:05","modified_gmt":"2024-04-23T07:33:05","slug":"lektorske-a-prekladatelske-sluzby-s","status":"publish","type":"page","link":"https:\/\/www.jazaconsulting.sk\/?page_id=128","title":{"rendered":"Lektorsk\u00e9 a prekladate\u013esk\u00e9 slu\u017eby"},"content":{"rendered":"<p><strong><img loading=\"lazy\" decoding=\"async\" class=\"alignleft wp-image-346 size-thumbnail\" src=\"https:\/\/www.jazaconsulting.sk\/wp-content\/uploads\/2018\/04\/fr-150x150.png\" alt=\"\" width=\"150\" height=\"150\" srcset=\"https:\/\/www.jazaconsulting.sk\/wp-content\/uploads\/2018\/04\/fr-150x150.png 150w, https:\/\/www.jazaconsulting.sk\/wp-content\/uploads\/2018\/04\/fr-100x100.png 100w\" sizes=\"(max-width: 150px) 100vw, 150px\" \/>Pon\u00fakame \u00a0vysokokvalifikovan\u00e9 lektorsk\u00e9 slu\u017eby vo franc\u00fazskom jazyku v rozsahu:<\/strong><\/p>\n<p style=\"padding-left: 180px;\">&#8211; individu\u00e1lna v\u00fduka franc\u00fazskeho a talianskeho jazyka<br \/>\n&#8211; skupinov\u00e1 v\u00fduka franc\u00fazskeho a talianskeho jazyka<br \/>\n&#8211; odborn\u00e9 a umeleck\u00e9 preklady z\/do franc\u00fazskeho a talianskeho jazyka<br \/>\n&#8211; tlmo\u010dn\u00edcke slu\u017eby z\/do franc\u00fazskeho a talianskeho jazyka<\/p>\n","protected":false},"excerpt":{"rendered":"<p>Pon\u00fakame \u00a0vysokokvalifikovan\u00e9 lektorsk\u00e9 slu\u017eby vo franc\u00fazskom jazyku v rozsahu: &#8211; individu\u00e1lna v\u00fduka franc\u00fazskeho a talianskeho jazyka &#8211; skupinov\u00e1 v\u00fduka franc\u00fazskeho a talianskeho jazyka &#8211; odborn\u00e9 a umeleck\u00e9 preklady z\/do franc\u00fazskeho a talianskeho jazyka &#8211; tlmo\u010dn\u00edcke slu\u017eby z\/do franc\u00fazskeho a talianskeho jazyka<\/p>\n","protected":false},"author":1,"featured_media":0,"parent":0,"menu_order":7,"comment_status":"closed","ping_status":"closed","template":"","meta":{"footnotes":""},"_links":{"self":[{"href":"https:\/\/www.jazaconsulting.sk\/index.php?rest_route=\/wp\/v2\/pages\/128"}],"collection":[{"href":"https:\/\/www.jazaconsulting.sk\/index.php?rest_route=\/wp\/v2\/pages"}],"about":[{"href":"https:\/\/www.jazaconsulting.sk\/index.php?rest_route=\/wp\/v2\/types\/page"}],"author":[{"embeddable":true,"href":"https:\/\/www.jazaconsulting.sk\/index.php?rest_route=\/wp\/v2\/users\/1"}],"replies":[{"embeddable":true,"href":"https:\/\/www.jazaconsulting.sk\/index.php?rest_route=%2Fwp%2Fv2%2Fcomments&post=128"}],"version-history":[{"count":3,"href":"https:\/\/www.jazaconsulting.sk\/index.php?rest_route=\/wp\/v2\/pages\/128\/revisions"}],"predecessor-version":[{"id":710,"href":"https:\/\/www.jazaconsulting.sk\/index.php?rest_route=\/wp\/v2\/pages\/128\/revisions\/710"}],"wp:attachment":[{"href":"https:\/\/www.jazaconsulting.sk\/index.php?rest_route=%2Fwp%2Fv2%2Fmedia&parent=128"}],"curies":[{"name":"wp","href":"https:\/\/api.w.org\/{rel}","templated":true}]}}