{"id":138,"date":"2018-04-25T15:52:47","date_gmt":"2018-04-25T13:52:47","guid":{"rendered":"http:\/\/test1.jazaconsulting.sk\/?page_id=138"},"modified":"2024-04-24T15:36:39","modified_gmt":"2024-04-24T13:36:39","slug":"sap-riesenia-r","status":"publish","type":"page","link":"https:\/\/www.jazaconsulting.sk\/?page_id=138","title":{"rendered":"SAP rie\u0161enia"},"content":{"rendered":"<table class=\" alignleft\" style=\"width: 850px;\">\n<tbody>\n<tr>\n<td style=\"width: 300px; text-align: left; vertical-align: top;\"><img loading=\"lazy\" decoding=\"async\" class=\"aligncenter wp-image-356\" src=\"https:\/\/www.jazaconsulting.sk\/wp-content\/uploads\/2018\/04\/trans-e1525032127742-300x170.png\" alt=\"\" width=\"150\" height=\"85\" srcset=\"https:\/\/www.jazaconsulting.sk\/wp-content\/uploads\/2018\/04\/trans-e1525032127742-300x170.png 300w, https:\/\/www.jazaconsulting.sk\/wp-content\/uploads\/2018\/04\/trans-e1525032127742.png 429w\" sizes=\"(max-width: 150px) 100vw, 150px\" \/><\/td>\n<td style=\"width: 50px; text-align: left; vertical-align: middle;\"><\/td>\n<td style=\"width: 500px; text-align: left; vertical-align: top;\"><strong>Transpetrol<\/strong><\/p>\n<ul>\n<li>Redokument\u00e1cia SAP rie\u0161en\u00ed<\/li>\n<li>Vypracovanie koncepcie \u0161tandardiz\u00e1cie riadenia dokument\u00e1cie pre SAP rie\u0161enia<\/li>\n<li>Zabezpe\u010denie pr\u00edstupov pou\u017e\u00edvate\u013eov k dokument\u00e1cii SAP z prostredia SAP rie\u0161en\u00ed<\/li>\n<\/ul>\n<\/td>\n<\/tr>\n<\/tbody>\n<\/table>\n","protected":false},"excerpt":{"rendered":"<p>Transpetrol Redokument\u00e1cia SAP rie\u0161en\u00ed Vypracovanie koncepcie \u0161tandardiz\u00e1cie riadenia dokument\u00e1cie pre SAP rie\u0161enia Zabezpe\u010denie pr\u00edstupov pou\u017e\u00edvate\u013eov k dokument\u00e1cii SAP z prostredia SAP rie\u0161en\u00ed<\/p>\n","protected":false},"author":1,"featured_media":0,"parent":130,"menu_order":2,"comment_status":"closed","ping_status":"closed","template":"","meta":{"footnotes":""},"_links":{"self":[{"href":"https:\/\/www.jazaconsulting.sk\/index.php?rest_route=\/wp\/v2\/pages\/138"}],"collection":[{"href":"https:\/\/www.jazaconsulting.sk\/index.php?rest_route=\/wp\/v2\/pages"}],"about":[{"href":"https:\/\/www.jazaconsulting.sk\/index.php?rest_route=\/wp\/v2\/types\/page"}],"author":[{"embeddable":true,"href":"https:\/\/www.jazaconsulting.sk\/index.php?rest_route=\/wp\/v2\/users\/1"}],"replies":[{"embeddable":true,"href":"https:\/\/www.jazaconsulting.sk\/index.php?rest_route=%2Fwp%2Fv2%2Fcomments&post=138"}],"version-history":[{"count":13,"href":"https:\/\/www.jazaconsulting.sk\/index.php?rest_route=\/wp\/v2\/pages\/138\/revisions"}],"predecessor-version":[{"id":724,"href":"https:\/\/www.jazaconsulting.sk\/index.php?rest_route=\/wp\/v2\/pages\/138\/revisions\/724"}],"up":[{"embeddable":true,"href":"https:\/\/www.jazaconsulting.sk\/index.php?rest_route=\/wp\/v2\/pages\/130"}],"wp:attachment":[{"href":"https:\/\/www.jazaconsulting.sk\/index.php?rest_route=%2Fwp%2Fv2%2Fmedia&parent=138"}],"curies":[{"name":"wp","href":"https:\/\/api.w.org\/{rel}","templated":true}]}}