{"id":140,"date":"2018-04-25T15:53:21","date_gmt":"2018-04-25T13:53:21","guid":{"rendered":"http:\/\/test1.jazaconsulting.sk\/?page_id=140"},"modified":"2019-01-24T20:00:49","modified_gmt":"2019-01-24T19:00:49","slug":"metasonic-process-suite-r","status":"publish","type":"page","link":"https:\/\/www.jazaconsulting.sk\/?page_id=140","title":{"rendered":"metasonic\u00ae Process Suite"},"content":{"rendered":"<p>[vc_row][vc_column][vc_column_text]&nbsp;<\/p>\n<table style=\"width: 850px;\">\n<tbody>\n<tr>\n<td style=\"width: 300px; text-align: left; vertical-align: top;\"><img loading=\"lazy\" decoding=\"async\" class=\"wp-image-355 aligncenter\" src=\"https:\/\/www.jazaconsulting.sk\/wp-content\/uploads\/2018\/04\/uss-e1525614809570-300x72.png\" alt=\"\" width=\"150\" height=\"36\" srcset=\"https:\/\/www.jazaconsulting.sk\/wp-content\/uploads\/2018\/04\/uss-e1525614809570-300x72.png 300w, https:\/\/www.jazaconsulting.sk\/wp-content\/uploads\/2018\/04\/uss-e1525614809570-768x185.png 768w, https:\/\/www.jazaconsulting.sk\/wp-content\/uploads\/2018\/04\/uss-e1525614809570-1024x247.png 1024w, https:\/\/www.jazaconsulting.sk\/wp-content\/uploads\/2018\/04\/uss-e1525614809570.png 1153w\" sizes=\"(max-width: 150px) 100vw, 150px\" \/><\/td>\n<td style=\"width: 50px; text-align: left; vertical-align: middle;\"><\/td>\n<td style=\"width: 500px; text-align: left; vertical-align: top;\">\n<p><strong>U.S. Steel Ko\u0161ice<\/strong><\/p>\n<ul>\n<li>Predaj licenci\u00ed a podpora implement\u00e1cie metasonic\u00ae Process Suite<\/li>\n<\/ul>\n<\/td>\n<\/tr>\n<tr>\n<td style=\"width: 300px; text-align: left; vertical-align: top;\"><img loading=\"lazy\" decoding=\"async\" class=\"wp-image-351 aligncenter\" src=\"https:\/\/www.jazaconsulting.sk\/wp-content\/uploads\/2018\/04\/zss-e1525032185495-300x169.png\" alt=\"\" width=\"150\" height=\"84\" srcset=\"https:\/\/www.jazaconsulting.sk\/wp-content\/uploads\/2018\/04\/zss-e1525032185495-300x169.png 300w, https:\/\/www.jazaconsulting.sk\/wp-content\/uploads\/2018\/04\/zss-e1525032185495.png 477w\" sizes=\"(max-width: 150px) 100vw, 150px\" \/><\/td>\n<td style=\"width: 50px; text-align: left; vertical-align: middle;\"><\/td>\n<td style=\"width: 500px; text-align: left; vertical-align: top;\">\n<p><strong>\u017delezni\u010dn\u00e1 spolo\u010dnos\u0165 Slovensko<\/strong><\/p>\n<ul>\n<li>Predaj licenci\u00ed a implement\u00e1cia metasonic\u00ae Process Suite<\/li>\n<li>Automatiz\u00e1cia procesu &#8222;Schva\u013eovanie po\u017eiadavky na obstar\u00e1vanie&#8220;<\/li>\n<\/ul>\n<\/td>\n<\/tr>\n<tr>\n<td style=\"width: 300px; text-align: left; vertical-align: top;\"><img loading=\"lazy\" decoding=\"async\" class=\"wp-image-352 aligncenter\" src=\"https:\/\/www.jazaconsulting.sk\/wp-content\/uploads\/2018\/04\/zsr-e1525032158110-300x195.png\" alt=\"\" width=\"150\" height=\"97\" srcset=\"https:\/\/www.jazaconsulting.sk\/wp-content\/uploads\/2018\/04\/zsr-e1525032158110-300x195.png 300w, https:\/\/www.jazaconsulting.sk\/wp-content\/uploads\/2018\/04\/zsr-e1525032158110.png 340w\" sizes=\"(max-width: 150px) 100vw, 150px\" \/><\/td>\n<td style=\"width: 50px; text-align: left; vertical-align: middle;\"><\/td>\n<td style=\"width: 500px; text-align: left; vertical-align: top;\">\n<p><strong>\u017deleznice SR<\/strong><\/p>\n<ul>\n<li>Predaj licenci\u00ed a implement\u00e1cia metasonic\u00ae Process Suite<\/li>\n<li>Automatiz\u00e1cia procesu &#8222;Pl\u00e1novanie a riadenie verejn\u00e9ho obstar\u00e1vania&#8220;<\/li>\n<\/ul>\n<\/td>\n<\/tr>\n<\/tbody>\n<\/table>\n<p>&nbsp;[\/vc_column_text][\/vc_column][\/vc_row]<\/p>\n","protected":false},"excerpt":{"rendered":"<p>[vc_row][vc_column][vc_column_text]&nbsp; U.S. Steel Ko\u0161ice Predaj licenci\u00ed a podpora implement\u00e1cie metasonic\u00ae Process Suite \u017delezni\u010dn\u00e1 spolo\u010dnos\u0165 Slovensko Predaj licenci\u00ed a implement\u00e1cia metasonic\u00ae Process Suite Automatiz\u00e1cia procesu &#8222;Schva\u013eovanie po\u017eiadavky na obstar\u00e1vanie&#8220; \u017deleznice SR Predaj licenci\u00ed a implement\u00e1cia metasonic\u00ae Process Suite Automatiz\u00e1cia procesu &#8222;Pl\u00e1novanie a riadenie verejn\u00e9ho obstar\u00e1vania&#8220; &nbsp;[\/vc_column_text][\/vc_column][\/vc_row]<\/p>\n","protected":false},"author":1,"featured_media":0,"parent":130,"menu_order":3,"comment_status":"closed","ping_status":"closed","template":"","meta":{"footnotes":""},"_links":{"self":[{"href":"https:\/\/www.jazaconsulting.sk\/index.php?rest_route=\/wp\/v2\/pages\/140"}],"collection":[{"href":"https:\/\/www.jazaconsulting.sk\/index.php?rest_route=\/wp\/v2\/pages"}],"about":[{"href":"https:\/\/www.jazaconsulting.sk\/index.php?rest_route=\/wp\/v2\/types\/page"}],"author":[{"embeddable":true,"href":"https:\/\/www.jazaconsulting.sk\/index.php?rest_route=\/wp\/v2\/users\/1"}],"replies":[{"embeddable":true,"href":"https:\/\/www.jazaconsulting.sk\/index.php?rest_route=%2Fwp%2Fv2%2Fcomments&post=140"}],"version-history":[{"count":15,"href":"https:\/\/www.jazaconsulting.sk\/index.php?rest_route=\/wp\/v2\/pages\/140\/revisions"}],"predecessor-version":[{"id":682,"href":"https:\/\/www.jazaconsulting.sk\/index.php?rest_route=\/wp\/v2\/pages\/140\/revisions\/682"}],"up":[{"embeddable":true,"href":"https:\/\/www.jazaconsulting.sk\/index.php?rest_route=\/wp\/v2\/pages\/130"}],"wp:attachment":[{"href":"https:\/\/www.jazaconsulting.sk\/index.php?rest_route=%2Fwp%2Fv2%2Fmedia&parent=140"}],"curies":[{"name":"wp","href":"https:\/\/api.w.org\/{rel}","templated":true}]}}