{"id":144,"date":"2018-04-25T15:54:24","date_gmt":"2018-04-25T13:54:24","guid":{"rendered":"http:\/\/test1.jazaconsulting.sk\/?page_id=144"},"modified":"2018-10-31T10:08:02","modified_gmt":"2018-10-31T09:08:02","slug":"belladati-r","status":"publish","type":"page","link":"https:\/\/www.jazaconsulting.sk\/?page_id=144","title":{"rendered":"BellaDati"},"content":{"rendered":"<table style=\"width: 850px;\">\n<tbody>\n<tr>\n<td style=\"width: 287.2px; text-align: left; vertical-align: middle;\"><img loading=\"lazy\" decoding=\"async\" class=\"aligncenter wp-image-361\" src=\"https:\/\/www.jazaconsulting.sk\/wp-content\/uploads\/2018\/04\/ofz-300x122.png\" alt=\"\" width=\"150\" height=\"61\" srcset=\"https:\/\/www.jazaconsulting.sk\/wp-content\/uploads\/2018\/04\/ofz-300x122.png 300w, https:\/\/www.jazaconsulting.sk\/wp-content\/uploads\/2018\/04\/ofz.png 728w\" sizes=\"(max-width: 150px) 100vw, 150px\" \/><\/td>\n<td style=\"width: 48px; text-align: left; vertical-align: top;\"><\/td>\n<td style=\"width: 485.6px; text-align: left; vertical-align: top;\"><strong>OFZ \u00a0Istebn\u00e9<\/strong><\/p>\n<ul>\n<li>Predaj licenci\u00ed a implement\u00e1cia BellaDati<\/li>\n<\/ul>\n<\/td>\n<\/tr>\n<tr>\n<td style=\"width: 287.2px; text-align: left; vertical-align: middle;\"><img loading=\"lazy\" decoding=\"async\" class=\"aligncenter wp-image-362\" src=\"https:\/\/www.jazaconsulting.sk\/wp-content\/uploads\/2018\/04\/nds-e1525032066175-300x116.png\" alt=\"\" width=\"150\" height=\"58\" srcset=\"https:\/\/www.jazaconsulting.sk\/wp-content\/uploads\/2018\/04\/nds-e1525032066175-300x116.png 300w, https:\/\/www.jazaconsulting.sk\/wp-content\/uploads\/2018\/04\/nds-e1525032066175.png 400w\" sizes=\"(max-width: 150px) 100vw, 150px\" \/><\/td>\n<td style=\"width: 48px; text-align: left; vertical-align: top;\"><\/td>\n<td style=\"width: 485.6px; text-align: left; vertical-align: top;\"><strong>N\u00e1rodn\u00e1 dia\u013eni\u010dn\u00e1 spolo\u010dnos\u0165<\/strong><\/p>\n<ul>\n<li>Predaj licenci\u00ed BellaDati<\/li>\n<li>\u0160kolenie u\u017e\u00edvate\u013eov a administr\u00e1torov BellaDati<\/li>\n<\/ul>\n<\/td>\n<\/tr>\n<tr>\n<td style=\"width: 287.2px; text-align: left; vertical-align: middle;\"><img loading=\"lazy\" decoding=\"async\" class=\"aligncenter wp-image-356\" src=\"https:\/\/www.jazaconsulting.sk\/wp-content\/uploads\/2018\/04\/trans-e1525032127742-300x170.png\" alt=\"\" width=\"150\" height=\"85\" srcset=\"https:\/\/www.jazaconsulting.sk\/wp-content\/uploads\/2018\/04\/trans-e1525032127742-300x170.png 300w, https:\/\/www.jazaconsulting.sk\/wp-content\/uploads\/2018\/04\/trans-e1525032127742.png 429w\" sizes=\"(max-width: 150px) 100vw, 150px\" \/><\/td>\n<td style=\"width: 48px; text-align: left; vertical-align: top;\"><\/td>\n<td style=\"width: 485.6px; text-align: left; vertical-align: top;\"><strong>Transpetrol<\/strong><\/p>\n<ul>\n<li>Predaj licenci\u00ed BellaDati<\/li>\n<li>Implement\u00e1cia BellaDati v rozsahu finan\u010dn\u00e9ho reportingu, reportingu nad sledovan\u00edm prepravy a bilanciou ropy a reportingu pre EAM<\/li>\n<\/ul>\n<\/td>\n<\/tr>\n<\/tbody>\n<\/table>\n<p>&nbsp;<\/p>\n<p><strong>V\u00fdber \u00a0zahrani\u010dn\u00fdch referenci\u00ed \u00a0BellaDati<\/strong><\/p>\n<p><img loading=\"lazy\" decoding=\"async\" class=\"aligncenter wp-image-378 size-full\" src=\"https:\/\/www.jazaconsulting.sk\/wp-content\/uploads\/2018\/04\/belref.png\" alt=\"\" width=\"809\" height=\"462\" \/><\/p>\n","protected":false},"excerpt":{"rendered":"<p>OFZ \u00a0Istebn\u00e9 Predaj licenci\u00ed a implement\u00e1cia BellaDati N\u00e1rodn\u00e1 dia\u013eni\u010dn\u00e1 spolo\u010dnos\u0165 Predaj licenci\u00ed BellaDati \u0160kolenie u\u017e\u00edvate\u013eov a administr\u00e1torov BellaDati Transpetrol Predaj licenci\u00ed BellaDati Implement\u00e1cia BellaDati v rozsahu finan\u010dn\u00e9ho reportingu, reportingu nad sledovan\u00edm prepravy a bilanciou ropy a reportingu pre EAM &nbsp; V\u00fdber \u00a0zahrani\u010dn\u00fdch referenci\u00ed \u00a0BellaDati<\/p>\n","protected":false},"author":1,"featured_media":0,"parent":130,"menu_order":5,"comment_status":"closed","ping_status":"closed","template":"","meta":{"footnotes":""},"_links":{"self":[{"href":"https:\/\/www.jazaconsulting.sk\/index.php?rest_route=\/wp\/v2\/pages\/144"}],"collection":[{"href":"https:\/\/www.jazaconsulting.sk\/index.php?rest_route=\/wp\/v2\/pages"}],"about":[{"href":"https:\/\/www.jazaconsulting.sk\/index.php?rest_route=\/wp\/v2\/types\/page"}],"author":[{"embeddable":true,"href":"https:\/\/www.jazaconsulting.sk\/index.php?rest_route=\/wp\/v2\/users\/1"}],"replies":[{"embeddable":true,"href":"https:\/\/www.jazaconsulting.sk\/index.php?rest_route=%2Fwp%2Fv2%2Fcomments&post=144"}],"version-history":[{"count":9,"href":"https:\/\/www.jazaconsulting.sk\/index.php?rest_route=\/wp\/v2\/pages\/144\/revisions"}],"predecessor-version":[{"id":649,"href":"https:\/\/www.jazaconsulting.sk\/index.php?rest_route=\/wp\/v2\/pages\/144\/revisions\/649"}],"up":[{"embeddable":true,"href":"https:\/\/www.jazaconsulting.sk\/index.php?rest_route=\/wp\/v2\/pages\/130"}],"wp:attachment":[{"href":"https:\/\/www.jazaconsulting.sk\/index.php?rest_route=%2Fwp%2Fv2%2Fmedia&parent=144"}],"curies":[{"name":"wp","href":"https:\/\/api.w.org\/{rel}","templated":true}]}}