{"id":148,"date":"2018-04-25T15:55:59","date_gmt":"2018-04-25T13:55:59","guid":{"rendered":"http:\/\/test1.jazaconsulting.sk\/?page_id=148"},"modified":"2024-05-22T11:32:50","modified_gmt":"2024-05-22T09:32:50","slug":"strategicki-partneri","status":"publish","type":"page","link":"https:\/\/www.jazaconsulting.sk\/?page_id=148","title":{"rendered":"Strategick\u00ed partneri"},"content":{"rendered":"<p>[vc_row][vc_column][vc_column_text]<\/p>\n<table style=\"width: 820.8px;\">\n<tbody>\n<tr>\n<td style=\"width: 300px; text-align: left; vertical-align: top;\"><img loading=\"lazy\" decoding=\"async\" class=\"alignnone wp-image-716 size-medium\" src=\"https:\/\/www.jazaconsulting.sk\/wp-content\/uploads\/2024\/04\/Allgeier-inovar-1536x451.png-300x88.png\" alt=\"\" width=\"300\" height=\"88\" srcset=\"https:\/\/www.jazaconsulting.sk\/wp-content\/uploads\/2024\/04\/Allgeier-inovar-1536x451.png-300x88.png 300w, https:\/\/www.jazaconsulting.sk\/wp-content\/uploads\/2024\/04\/Allgeier-inovar-1536x451.png-768x226.png 768w, https:\/\/www.jazaconsulting.sk\/wp-content\/uploads\/2024\/04\/Allgeier-inovar-1536x451.png-1024x301.png 1024w, https:\/\/www.jazaconsulting.sk\/wp-content\/uploads\/2024\/04\/Allgeier-inovar-1536x451.png.png 1536w\" sizes=\"(max-width: 300px) 100vw, 300px\" \/><\/td>\n<td style=\"width: 50px; text-align: left; vertical-align: top;\"><\/td>\n<td style=\"width: 500px; text-align: left; vertical-align: top;\"><strong>Allgeier Inovar GmbH<\/strong><\/p>\n<ul>\n<li>JAZA Consulting s.r.o. je od roku 2011 priamym zast\u00fapen\u00edm pre Slovensk\u00fa republiku spolo\u010dnosti Allgeier Inovar GmbH (predt\u00fdm Metasonic GmbH), producenta BPM Suite &amp; Business Software produktu metasonic\u00ae Process Suite a DMS\/ECM n\u00e1stroja metasonic\u00ae Doc Suite<\/li>\n<li>viac inform\u00e1ci\u00ed o partnerovi\u00a0<a href=\"https:\/\/allgeier-inovar.de\/\" target=\"_blank\" rel=\"noopener\"><strong>tu<\/strong><\/a><\/li>\n<\/ul>\n<\/td>\n<\/tr>\n<tr>\n<td style=\"width: 300px; text-align: left; vertical-align: top;\"><img loading=\"lazy\" decoding=\"async\" class=\"aligncenter wp-image-238\" src=\"https:\/\/www.jazaconsulting.sk\/wp-content\/uploads\/2018\/04\/belladati-logo-300x99.png\" alt=\"\" width=\"150\" height=\"50\" srcset=\"https:\/\/www.jazaconsulting.sk\/wp-content\/uploads\/2018\/04\/belladati-logo-300x99.png 300w, https:\/\/www.jazaconsulting.sk\/wp-content\/uploads\/2018\/04\/belladati-logo-768x253.png 768w, https:\/\/www.jazaconsulting.sk\/wp-content\/uploads\/2018\/04\/belladati-logo.png 800w\" sizes=\"(max-width: 150px) 100vw, 150px\" \/><\/td>\n<td style=\"width: 50px; text-align: left; vertical-align: top;\"><\/td>\n<td style=\"width: 500px; text-align: left; vertical-align: top;\"><strong>BellaDati<\/strong><\/p>\n<ul>\n<li>JAZA Consulting s.r.o. je od roku 2014 priamym exkluz\u00edvnym zast\u00fapen\u00edm pre Slovensk\u00fa republiku spolo\u010dnosti BellaDati, producenta BI platformy BellaDati<\/li>\n<li>viac inform\u00e1ci\u00ed o partnerovi\u00a0<strong><a href=\"http:\/\/www.belladati.com\/\" target=\"_blank\" rel=\"noopener\">tu<\/a><\/strong><\/li>\n<\/ul>\n<\/td>\n<\/tr>\n<tr>\n<td style=\"width: 300px; text-align: left; vertical-align: top;\"><img loading=\"lazy\" decoding=\"async\" class=\"alignnone wp-image-732 size-medium\" src=\"https:\/\/www.jazaconsulting.sk\/wp-content\/uploads\/2024\/05\/soffico_Logo_2024_RGB-300x70.jpg\" alt=\"\" width=\"300\" height=\"70\" srcset=\"https:\/\/www.jazaconsulting.sk\/wp-content\/uploads\/2024\/05\/soffico_Logo_2024_RGB-300x70.jpg 300w, https:\/\/www.jazaconsulting.sk\/wp-content\/uploads\/2024\/05\/soffico_Logo_2024_RGB-1024x239.jpg 1024w, https:\/\/www.jazaconsulting.sk\/wp-content\/uploads\/2024\/05\/soffico_Logo_2024_RGB-768x179.jpg 768w, https:\/\/www.jazaconsulting.sk\/wp-content\/uploads\/2024\/05\/soffico_Logo_2024_RGB-1536x358.jpg 1536w, https:\/\/www.jazaconsulting.sk\/wp-content\/uploads\/2024\/05\/soffico_Logo_2024_RGB.jpg 2000w\" sizes=\"(max-width: 300px) 100vw, 300px\" \/><\/td>\n<td style=\"width: 50px; text-align: left; vertical-align: top;\"><\/td>\n<td style=\"width: 500px; text-align: left; vertical-align: top;\"><strong>soffico<\/strong><\/p>\n<ul>\n<li>JAZA Consulting s.r.o. je od roku 2014 priamym zast\u00fapen\u00edm pre Slovensk\u00fa republiku spolo\u010dnosti soffico GmbH, producenta integra\u010dnej platformy Orchestra<\/li>\n<li>viac inform\u00e1ci\u00ed o partnerovi\u00a0<strong><a style=\"font-family: inherit; font-size: inherit;\" href=\"http:\/\/www.soffico.de\/en\/home\/\" target=\"_blank\" rel=\"noopener\">tu<\/a><\/strong><\/li>\n<\/ul>\n<\/td>\n<\/tr>\n<\/tbody>\n<\/table>\n<p>[\/vc_column_text][\/vc_column][\/vc_row]<\/p>\n","protected":false},"excerpt":{"rendered":"<p>[vc_row][vc_column][vc_column_text] Allgeier Inovar GmbH JAZA Consulting s.r.o. je od roku 2011 priamym zast\u00fapen\u00edm pre Slovensk\u00fa republiku spolo\u010dnosti Allgeier Inovar GmbH (predt\u00fdm Metasonic GmbH), producenta BPM Suite &amp; Business Software produktu metasonic\u00ae Process Suite a DMS\/ECM n\u00e1stroja metasonic\u00ae Doc Suite viac inform\u00e1ci\u00ed o partnerovi\u00a0tu BellaDati JAZA Consulting s.r.o. je od roku 2014 priamym exkluz\u00edvnym zast\u00fapen\u00edm pre &hellip; <\/p>\n<p class=\"link-more\"><a href=\"https:\/\/www.jazaconsulting.sk\/?page_id=148\" class=\"more-link\">Pokra\u010dova\u0165 v \u010d\u00edtan\u00ed<span class=\"screen-reader-text\"> &#8222;Strategick\u00ed partneri&#8220;<\/span><\/a><\/p>\n","protected":false},"author":1,"featured_media":0,"parent":134,"menu_order":1,"comment_status":"closed","ping_status":"closed","template":"","meta":{"footnotes":""},"_links":{"self":[{"href":"https:\/\/www.jazaconsulting.sk\/index.php?rest_route=\/wp\/v2\/pages\/148"}],"collection":[{"href":"https:\/\/www.jazaconsulting.sk\/index.php?rest_route=\/wp\/v2\/pages"}],"about":[{"href":"https:\/\/www.jazaconsulting.sk\/index.php?rest_route=\/wp\/v2\/types\/page"}],"author":[{"embeddable":true,"href":"https:\/\/www.jazaconsulting.sk\/index.php?rest_route=\/wp\/v2\/users\/1"}],"replies":[{"embeddable":true,"href":"https:\/\/www.jazaconsulting.sk\/index.php?rest_route=%2Fwp%2Fv2%2Fcomments&post=148"}],"version-history":[{"count":14,"href":"https:\/\/www.jazaconsulting.sk\/index.php?rest_route=\/wp\/v2\/pages\/148\/revisions"}],"predecessor-version":[{"id":733,"href":"https:\/\/www.jazaconsulting.sk\/index.php?rest_route=\/wp\/v2\/pages\/148\/revisions\/733"}],"up":[{"embeddable":true,"href":"https:\/\/www.jazaconsulting.sk\/index.php?rest_route=\/wp\/v2\/pages\/134"}],"wp:attachment":[{"href":"https:\/\/www.jazaconsulting.sk\/index.php?rest_route=%2Fwp%2Fv2%2Fmedia&parent=148"}],"curies":[{"name":"wp","href":"https:\/\/api.w.org\/{rel}","templated":true}]}}