{"id":18,"date":"2018-04-25T14:12:57","date_gmt":"2018-04-25T12:12:57","guid":{"rendered":"http:\/\/test1.jazaconsulting.sk\/?page_id=18"},"modified":"2024-11-20T10:56:02","modified_gmt":"2024-11-20T09:56:02","slug":"kontakt","status":"publish","type":"page","link":"https:\/\/www.jazaconsulting.sk\/?page_id=18","title":{"rendered":"Kontakt"},"content":{"rendered":"<p>[vc_row][vc_column][vc_column_text]<\/p>\n<p style=\"padding-left: 90px;\"><strong><img loading=\"lazy\" decoding=\"async\" class=\"alignleft wp-image-410 size-thumbnail\" src=\"https:\/\/www.jazaconsulting.sk\/wp-content\/uploads\/2018\/04\/posta-150x150.png\" alt=\"\" width=\"150\" height=\"150\" srcset=\"https:\/\/www.jazaconsulting.sk\/wp-content\/uploads\/2018\/04\/posta-150x150.png 150w, https:\/\/www.jazaconsulting.sk\/wp-content\/uploads\/2018\/04\/posta-300x300.png 300w, https:\/\/www.jazaconsulting.sk\/wp-content\/uploads\/2018\/04\/posta-100x100.png 100w, https:\/\/www.jazaconsulting.sk\/wp-content\/uploads\/2018\/04\/posta.png 720w\" sizes=\"(max-width: 150px) 100vw, 150px\" \/>JAZA Consulting s.r.o.<\/strong><\/p>\n<p style=\"padding-left: 30px;\"><strong>Jir\u00e1skova 70<\/strong><\/p>\n<p style=\"padding-left: 30px;\"><strong>080 05 Pre\u0161ov<\/strong><\/p>\n<p><strong>\u00a0<\/strong><\/p>\n<hr \/>\n<p><strong><span style=\"color: #999999;\"><em>I\u010cO :<\/em><\/span>\u00a0 \u00a0 46\u00a0913\u00a0262<\/strong><\/p>\n<p><strong><span style=\"color: #999999;\"><em>DI\u010c :<\/em><\/span>\u00a0 \u00a0 2023671716<\/strong><\/p>\n<p><strong><span style=\"color: #999999;\"><em>I\u010c pre DPH :<\/em><\/span>\u00a0 \u00a0 SK2023671716<\/strong><\/p>\n<hr \/>\n<p><strong><span style=\"color: #999999;\"><em>Konate\u013e:<\/em><\/span>\u00a0 \u00a0 Ing. Jaroslav Zamborsk\u00fd<\/strong><\/p>\n<p><strong>Obchodn\u00fd register Okresn\u00e9ho s\u00fadu Pre\u0161ov, oddiel Sro, vlo\u017eka \u010d. 27048\/P<\/strong><\/p>\n<p><strong><span style=\"color: #999999;\"><em>IBAN :<\/em>\u00a0<\/span> \u00a0\u00a0<\/strong><strong>SK56 1100 0000 0029 2988 6727<\/strong><\/p>\n<hr \/>\n<p style=\"padding-left: 90px;\"><a href=\"mailto:jaroslav.zamborsky@www.jazaconsulting.sk\"><strong>jaroslav.zamborsky@jazaconsulting.sk<\/strong><\/a><img loading=\"lazy\" decoding=\"async\" class=\"alignleft wp-image-409 size-thumbnail\" src=\"https:\/\/www.jazaconsulting.sk\/wp-content\/uploads\/2018\/04\/email-e1525036693433-150x150.png\" alt=\"\" width=\"150\" height=\"150\" srcset=\"https:\/\/www.jazaconsulting.sk\/wp-content\/uploads\/2018\/04\/email-e1525036693433-150x150.png 150w, https:\/\/www.jazaconsulting.sk\/wp-content\/uploads\/2018\/04\/email-e1525036693433-100x100.png 100w, https:\/\/www.jazaconsulting.sk\/wp-content\/uploads\/2018\/04\/email-e1525036693433.png 180w\" sizes=\"(max-width: 150px) 100vw, 150px\" \/><\/p>\n<p>&nbsp;[\/vc_column_text][\/vc_column][\/vc_row]<\/p>\n","protected":false},"excerpt":{"rendered":"<p>[vc_row][vc_column][vc_column_text] JAZA Consulting s.r.o. Jir\u00e1skova 70 080 05 Pre\u0161ov \u00a0 I\u010cO :\u00a0 \u00a0 46\u00a0913\u00a0262 DI\u010c :\u00a0 \u00a0 2023671716 I\u010c pre DPH :\u00a0 \u00a0 SK2023671716 Konate\u013e:\u00a0 \u00a0 Ing. Jaroslav Zamborsk\u00fd Obchodn\u00fd register Okresn\u00e9ho s\u00fadu Pre\u0161ov, oddiel Sro, vlo\u017eka \u010d. 27048\/P IBAN :\u00a0 \u00a0\u00a0SK56 1100 0000 0029 2988 6727 jaroslav.zamborsky@jazaconsulting.sk &nbsp;[\/vc_column_text][\/vc_column][\/vc_row]<\/p>\n","protected":false},"author":1,"featured_media":0,"parent":0,"menu_order":6,"comment_status":"closed","ping_status":"closed","template":"","meta":{"footnotes":""},"_links":{"self":[{"href":"https:\/\/www.jazaconsulting.sk\/index.php?rest_route=\/wp\/v2\/pages\/18"}],"collection":[{"href":"https:\/\/www.jazaconsulting.sk\/index.php?rest_route=\/wp\/v2\/pages"}],"about":[{"href":"https:\/\/www.jazaconsulting.sk\/index.php?rest_route=\/wp\/v2\/types\/page"}],"author":[{"embeddable":true,"href":"https:\/\/www.jazaconsulting.sk\/index.php?rest_route=\/wp\/v2\/users\/1"}],"replies":[{"embeddable":true,"href":"https:\/\/www.jazaconsulting.sk\/index.php?rest_route=%2Fwp%2Fv2%2Fcomments&post=18"}],"version-history":[{"count":12,"href":"https:\/\/www.jazaconsulting.sk\/index.php?rest_route=\/wp\/v2\/pages\/18\/revisions"}],"predecessor-version":[{"id":737,"href":"https:\/\/www.jazaconsulting.sk\/index.php?rest_route=\/wp\/v2\/pages\/18\/revisions\/737"}],"wp:attachment":[{"href":"https:\/\/www.jazaconsulting.sk\/index.php?rest_route=%2Fwp%2Fv2%2Fmedia&parent=18"}],"curies":[{"name":"wp","href":"https:\/\/api.w.org\/{rel}","templated":true}]}}