{"id":508,"date":"2018-05-06T17:43:18","date_gmt":"2018-05-06T15:43:18","guid":{"rendered":"https:\/\/www.jazaconsulting.sk\/?page_id=508"},"modified":"2024-05-22T11:49:04","modified_gmt":"2024-05-22T09:49:04","slug":"508-2","status":"publish","type":"page","link":"https:\/\/www.jazaconsulting.sk\/","title":{"rendered":"1"},"content":{"rendered":"<p>[vc_row full_width=&#8220;stretch_row_content_no_spaces&#8220; full_height=&#8220;yes&#8220; columns_placement=&#8220;top&#8220; content_placement=&#8220;top&#8220;][vc_column][vc_images_carousel images=&#8220;690,641,639,642&#8243; img_size=&#8220;full&#8220; onclick=&#8220;link_no&#8220; speed=&#8220;2500&#8243; autoplay=&#8220;yes&#8220; hide_pagination_control=&#8220;yes&#8220; hide_prev_next_buttons=&#8220;yes&#8220; wrap=&#8220;yes&#8220; css_animation=&#8220;none&#8220;][\/vc_column][\/vc_row][vc_row][vc_column][vc_column_text]JAZA Consulting s.r.o. je <strong>softv\u00e9rovou a konzulta\u010dnou spolo\u010dnos\u0165ou<\/strong>, poskytuj\u00facou softv\u00e9rov\u00e9 n\u00e1stroje a konzulta\u010dn\u00e9 slu\u017eby v nasleduj\u00facich oblastiach :<\/p>\n<table class=\" alignleft\">\n<tbody>\n<tr style=\"height: 244.2px;\">\n<td style=\"width: 35.4px; height: 244.2px;\"><\/td>\n<td style=\"width: 789.6px; height: 244.2px;\">\n<ul style=\"list-style-type: circle;\">\n<li>strategick\u00e9 <strong>biznis poradenstvo<\/strong><\/li>\n<li>poradenstvo v <strong>oblasti BPM (Business Proces Management)<\/strong><\/li>\n<li>implement\u00e1cia <strong>SAP rie\u0161en\u00ed<\/strong><\/li>\n<li>automatiz\u00e1cie pracovn\u00fdch procesov vyu\u017eit\u00edm <a href=\"https:\/\/www.jazaconsulting.sk\/?page_id=106\"><strong>BPM Suite &amp; Business Software metasonic\u00ae Process Suite<\/strong><\/a> od spolo\u010dnosti Allgeier Inovar GmbH vr\u00e1tane predaja licenci\u00ed n\u00e1stroja metasonic\u00ae Process Suite<\/li>\n<li>implement\u00e1cia DMS\/ECM rie\u0161en\u00ed na b\u00e1ze <a href=\"https:\/\/www.jazaconsulting.sk\/?page_id=108\"><strong>metasonic\u00ae Doc Suite<\/strong><\/a> od spolo\u010dnosti Allgeier Inovar GmbH vr\u00e1tane predaja licenci\u00ed DMS\/ECM n\u00e1stroja metasonic\u00ae Doc Suite<\/li>\n<li>implement\u00e1cia Business Intelligence na b\u00e1ze <a href=\"https:\/\/www.jazaconsulting.sk\/?page_id=110\"><strong>produktu BellaDati<\/strong><\/a> od spolo\u010dnosti BellaDati vr\u00e1tane predaja licenci\u00ed BI platformy BellaDati<\/li>\n<li>integr\u00e1cia IT syst\u00e9mov a aplik\u00e1cii na b\u00e1ze <a href=\"https:\/\/www.jazaconsulting.sk\/?page_id=112\"><strong>technologickej integra\u010dnej platformy Orchestra<\/strong><\/a> od spolo\u010dnosti soffico GmbH vr\u00e1tane predaja licenci\u00ed produktu Orchestra<\/li>\n<\/ul>\n<\/td>\n<\/tr>\n<\/tbody>\n<\/table>\n<table class=\" alignleft\" border=\"0\">\n<tbody>\n<tr>\n<td style=\"width: 665px;\"><img loading=\"lazy\" decoding=\"async\" class=\"alignleft wp-image-185 size-full\" src=\"https:\/\/www.jazaconsulting.sk\/wp-content\/uploads\/2018\/04\/JAZA_RGB.png\" alt=\"softv\u00e9rov\u00e1 a konzulta\u010dn\u00e1 spolo\u010dnos\u0165\" width=\"500\" height=\"242\" srcset=\"https:\/\/www.jazaconsulting.sk\/wp-content\/uploads\/2018\/04\/JAZA_RGB.png 500w, https:\/\/www.jazaconsulting.sk\/wp-content\/uploads\/2018\/04\/JAZA_RGB-300x145.png 300w\" sizes=\"(max-width: 500px) 100vw, 500px\" \/><\/td>\n<\/tr>\n<\/tbody>\n<\/table>\n<p>JAZA Consulting s.r.o. na slovenskom trhu zastupuje od roku 2011 ako Sales Agent nemeck\u00fa spolo\u010dnos\u0165 <strong><a href=\"https:\/\/allgeier-inovar.de\/\">Allgeier Inovar GmbH<\/a><\/strong>\u00a0(predt\u00fdm <strong>Metasonic GmbH<\/strong>), producenta BPM Suite &amp; Business Software produktu metasonic\u00ae Process Suite a DMS\/ECM n\u00e1stroja metasonic\u00ae Doc Suite. Od roku 2014 spolo\u010dnos\u0165 ako Sales Agent je aj priame zast\u00fapenie na \u00fazem\u00ed Slovenskej republiky spolo\u010dnosti <a href=\"http:\/\/www.belladati.com\/\"><strong>BellaDati<\/strong><\/a>, producenta agilnej BI platformy BellaDati, n\u00e1stroja pre Business Intelligence. Tie\u017e od roku 2014 zastupuje na slovenskom trhu aj nemeck\u00fa spolo\u010dnos\u0165 <a href=\"http:\/\/www.soffico.de\/\"><strong>soffico GmbH<\/strong><\/a>, producenta technologickej integra\u010dnej platformy Orchestra. \u00dalohou spolo\u010dnosti JAZA Consulting je budovanie a mana\u017eovanie partnerskej siete na Slovensku pre distrib\u00faciu a implement\u00e1ciu uveden\u00fdch SW produktov a tie\u017e aj ich priamy predaj koncov\u00e9mu z\u00e1kazn\u00edkovi, ich implement\u00e1cia, servis a podpora.<\/p>\n<table style=\"width: 800px;\">\n<tbody>\n<tr>\n<td><\/td>\n<\/tr>\n<\/tbody>\n<\/table>\n<p>[\/vc_column_text][\/vc_column][\/vc_row]<\/p>\n","protected":false},"excerpt":{"rendered":"<p>[vc_row full_width=&#8220;stretch_row_content_no_spaces&#8220; full_height=&#8220;yes&#8220; columns_placement=&#8220;top&#8220; content_placement=&#8220;top&#8220;][vc_column][vc_images_carousel images=&#8220;690,641,639,642&#8243; img_size=&#8220;full&#8220; onclick=&#8220;link_no&#8220; speed=&#8220;2500&#8243; autoplay=&#8220;yes&#8220; hide_pagination_control=&#8220;yes&#8220; hide_prev_next_buttons=&#8220;yes&#8220; wrap=&#8220;yes&#8220; css_animation=&#8220;none&#8220;][\/vc_column][\/vc_row][vc_row][vc_column][vc_column_text]JAZA Consulting s.r.o. je softv\u00e9rovou a konzulta\u010dnou spolo\u010dnos\u0165ou, poskytuj\u00facou softv\u00e9rov\u00e9 n\u00e1stroje a konzulta\u010dn\u00e9 slu\u017eby v nasleduj\u00facich oblastiach : strategick\u00e9 biznis poradenstvo poradenstvo v oblasti BPM (Business Proces Management) implement\u00e1cia SAP rie\u0161en\u00ed automatiz\u00e1cie pracovn\u00fdch procesov vyu\u017eit\u00edm BPM Suite &amp; Business Software metasonic\u00ae Process &hellip; <\/p>\n<p class=\"link-more\"><a href=\"https:\/\/www.jazaconsulting.sk\/\" class=\"more-link\">Pokra\u010dova\u0165 v \u010d\u00edtan\u00ed<span class=\"screen-reader-text\"> &#8222;1&#8220;<\/span><\/a><\/p>\n","protected":false},"author":1,"featured_media":0,"parent":0,"menu_order":0,"comment_status":"closed","ping_status":"closed","template":"","meta":{"footnotes":""},"_links":{"self":[{"href":"https:\/\/www.jazaconsulting.sk\/index.php?rest_route=\/wp\/v2\/pages\/508"}],"collection":[{"href":"https:\/\/www.jazaconsulting.sk\/index.php?rest_route=\/wp\/v2\/pages"}],"about":[{"href":"https:\/\/www.jazaconsulting.sk\/index.php?rest_route=\/wp\/v2\/types\/page"}],"author":[{"embeddable":true,"href":"https:\/\/www.jazaconsulting.sk\/index.php?rest_route=\/wp\/v2\/users\/1"}],"replies":[{"embeddable":true,"href":"https:\/\/www.jazaconsulting.sk\/index.php?rest_route=%2Fwp%2Fv2%2Fcomments&post=508"}],"version-history":[{"count":44,"href":"https:\/\/www.jazaconsulting.sk\/index.php?rest_route=\/wp\/v2\/pages\/508\/revisions"}],"predecessor-version":[{"id":734,"href":"https:\/\/www.jazaconsulting.sk\/index.php?rest_route=\/wp\/v2\/pages\/508\/revisions\/734"}],"wp:attachment":[{"href":"https:\/\/www.jazaconsulting.sk\/index.php?rest_route=%2Fwp%2Fv2%2Fmedia&parent=508"}],"curies":[{"name":"wp","href":"https:\/\/api.w.org\/{rel}","templated":true}]}}