{"id":66,"date":"2018-04-25T14:36:29","date_gmt":"2018-04-25T12:36:29","guid":{"rendered":"http:\/\/test1.jazaconsulting.sk\/?page_id=66"},"modified":"2024-04-23T09:23:18","modified_gmt":"2024-04-23T07:23:18","slug":"tim","status":"publish","type":"page","link":"https:\/\/www.jazaconsulting.sk\/?page_id=66","title":{"rendered":"T\u00edm"},"content":{"rendered":"<table style=\"width: 912px;\">\n<tbody>\n<tr style=\"height: 201px;\">\n<td style=\"width: 218px; height: 201px;\"><img loading=\"lazy\" decoding=\"async\" class=\"alignleft wp-image-228\" src=\"https:\/\/www.jazaconsulting.sk\/wp-content\/uploads\/2018\/04\/jz-217x300.png\" alt=\"\" width=\"114\" height=\"158\" srcset=\"https:\/\/www.jazaconsulting.sk\/wp-content\/uploads\/2018\/04\/jz-217x300.png 217w, https:\/\/www.jazaconsulting.sk\/wp-content\/uploads\/2018\/04\/jz.png 278w\" sizes=\"(max-width: 114px) 100vw, 114px\" \/><\/td>\n<td style=\"width: 38px; height: 201px;\"><\/td>\n<td style=\"width: 718px; height: 201px;\"><strong>Jaroslav Zamborsk\u00fd<\/strong><\/p>\n<ul>\n<li>top mana\u017e\u00e9r, BPM a IT expert<\/li>\n<li>28 rokov sk\u00fasenosti v riadiacich poz\u00edciach v IT<\/li>\n<li>15 rokov sk\u00fasenost\u00ed v poz\u00edcii top mana\u017e\u00e9ra v nadn\u00e1rodnej IT spolo\u010dnosti<\/li>\n<li>sk\u00fasenosti so zalo\u017een\u00edm a rozbehom v\u00fdvojov\u00e9ho kompeten\u010dn\u00e9ho centra nadn\u00e1rodnej IT spolo\u010dnosti na Slovensku<\/li>\n<li>viac ako 100 BPM a IT projektov v poz\u00edcii garanta projektu za dod\u00e1vate\u013ea<\/li>\n<li>expertn\u00e9 know-how v oblastiach BPM, SAP, BI a IT architekt\u00fary<\/li>\n<\/ul>\n<\/td>\n<\/tr>\n<tr style=\"height: 280px;\">\n<td style=\"width: 218px; height: 280px;\"><img loading=\"lazy\" decoding=\"async\" class=\"alignleft wp-image-230\" src=\"https:\/\/www.jazaconsulting.sk\/wp-content\/uploads\/2018\/04\/rz-191x300.png\" alt=\"\" width=\"114\" height=\"179\" srcset=\"https:\/\/www.jazaconsulting.sk\/wp-content\/uploads\/2018\/04\/rz-191x300.png 191w, https:\/\/www.jazaconsulting.sk\/wp-content\/uploads\/2018\/04\/rz.png 276w\" sizes=\"(max-width: 114px) 100vw, 114px\" \/><\/td>\n<td style=\"width: 38px; height: 280px;\"><\/td>\n<td style=\"width: 718px; height: 280px;\"><strong>Ren\u00e1ta Zamborsk\u00e1<\/strong><\/p>\n<ul>\n<li>lektorka, prekladate\u013eka a tlmo\u010dn\u00ed\u010dka franc\u00fazskeho a talianskeho jazyka<\/li>\n<li>20 rokov sk\u00fasenosti v predmetnej oblasti<\/li>\n<li>dlhoro\u010dn\u00e9 sk\u00fasenosti s v\u00fdukou franc\u00fazskeho a talianskeho jazyka v s\u00fakromnej jazykovej \u0161kole<\/li>\n<li>individu\u00e1lna v\u00fduka franc\u00fazskeho a talianskeho jazyka<\/li>\n<li>preklady odborn\u00fdch textov z\/do franc\u00fazskeho a talianskeho jazyka<\/li>\n<li>tlmo\u010denie z\/do franc\u00fazskeho a talianskeho jazyka<\/li>\n<\/ul>\n<\/td>\n<\/tr>\n<tr style=\"height: 138.8px;\">\n<td style=\"width: 218px; height: 138.8px;\"><\/td>\n<td style=\"width: 38px; height: 138.8px;\"><\/td>\n<td style=\"width: 718px; height: 138.8px;\"><\/td>\n<\/tr>\n<\/tbody>\n<\/table>\n","protected":false},"excerpt":{"rendered":"<p>Jaroslav Zamborsk\u00fd top mana\u017e\u00e9r, BPM a IT expert 28 rokov sk\u00fasenosti v riadiacich poz\u00edciach v IT 15 rokov sk\u00fasenost\u00ed v poz\u00edcii top mana\u017e\u00e9ra v nadn\u00e1rodnej IT spolo\u010dnosti sk\u00fasenosti so zalo\u017een\u00edm a rozbehom v\u00fdvojov\u00e9ho kompeten\u010dn\u00e9ho centra nadn\u00e1rodnej IT spolo\u010dnosti na Slovensku viac ako 100 BPM a IT projektov v poz\u00edcii garanta projektu za dod\u00e1vate\u013ea expertn\u00e9 know-how &hellip; <\/p>\n<p class=\"link-more\"><a href=\"https:\/\/www.jazaconsulting.sk\/?page_id=66\" class=\"more-link\">Pokra\u010dova\u0165 v \u010d\u00edtan\u00ed<span class=\"screen-reader-text\"> &#8222;T\u00edm&#8220;<\/span><\/a><\/p>\n","protected":false},"author":1,"featured_media":0,"parent":77,"menu_order":2,"comment_status":"closed","ping_status":"closed","template":"","meta":{"footnotes":""},"_links":{"self":[{"href":"https:\/\/www.jazaconsulting.sk\/index.php?rest_route=\/wp\/v2\/pages\/66"}],"collection":[{"href":"https:\/\/www.jazaconsulting.sk\/index.php?rest_route=\/wp\/v2\/pages"}],"about":[{"href":"https:\/\/www.jazaconsulting.sk\/index.php?rest_route=\/wp\/v2\/types\/page"}],"author":[{"embeddable":true,"href":"https:\/\/www.jazaconsulting.sk\/index.php?rest_route=\/wp\/v2\/users\/1"}],"replies":[{"embeddable":true,"href":"https:\/\/www.jazaconsulting.sk\/index.php?rest_route=%2Fwp%2Fv2%2Fcomments&post=66"}],"version-history":[{"count":17,"href":"https:\/\/www.jazaconsulting.sk\/index.php?rest_route=\/wp\/v2\/pages\/66\/revisions"}],"predecessor-version":[{"id":705,"href":"https:\/\/www.jazaconsulting.sk\/index.php?rest_route=\/wp\/v2\/pages\/66\/revisions\/705"}],"up":[{"embeddable":true,"href":"https:\/\/www.jazaconsulting.sk\/index.php?rest_route=\/wp\/v2\/pages\/77"}],"wp:attachment":[{"href":"https:\/\/www.jazaconsulting.sk\/index.php?rest_route=%2Fwp%2Fv2%2Fmedia&parent=66"}],"curies":[{"name":"wp","href":"https:\/\/api.w.org\/{rel}","templated":true}]}}